{"id":164,"date":"2026-03-04T12:48:55","date_gmt":"2026-03-04T12:48:55","guid":{"rendered":"https:\/\/tekpartner.rebootnorge.no\/?page_id=164"},"modified":"2026-04-24T07:41:52","modified_gmt":"2026-04-24T07:41:52","slug":"data-and-technology","status":"publish","type":"page","link":"https:\/\/tekpartner.rebootnorge.no\/nb\/services\/data-and-technology\/","title":{"rendered":"Data og teknologi"},"content":{"rendered":"<div id=\"fws_69f7496d053eb\"  data-column-margin=\"default\" data-midnight=\"dark\"  class=\"wpb_row vc_row-fluid vc_row full-width-section  top_padding_phone_300px\"  style=\"padding-top: 400px; padding-bottom: 0px; \"><div class=\"row-bg-wrap\" data-bg-animation=\"none\" data-bg-animation-delay=\"\" data-bg-overlay=\"true\"><div class=\"inner-wrap row-bg-layer using-image\" ><div class=\"row-bg viewport-desktop using-image\"  style=\"background-image: url(https:\/\/tekpartner.rebootnorge.no\/wp-content\/uploads\/2026\/03\/getty-images-6c1d_8v6EV4-unsplash.jpg); background-position: center center; background-repeat: no-repeat; \"><\/div><\/div><div class=\"row-bg-overlay row-bg-layer\" style=\"background-color:#000000;  opacity: 0.3; \"><\/div><\/div><div class=\"row_col_wrap_12 col span_12 dark left\">\n\t<div  class=\"vc_col-sm-12 wpb_column column_container vc_column_container col no-extra-padding inherit_tablet inherit_phone flex_gap_desktop_10px\"  data-padding-pos=\"all\" data-has-bg-color=\"false\" data-bg-color=\"\" data-bg-opacity=\"1\" data-animation=\"\" data-delay=\"0\" >\n\t\t<div class=\"vc_column-inner\" >\n\t\t\t<div class=\"wpb_wrapper\">\n\t\t\t\t<div id=\"fws_69f7496d05b77\" data-midnight=\"\" data-column-margin=\"default\" class=\"wpb_row vc_row-fluid vc_row inner_row\"  style=\"\"><div class=\"row-bg-wrap\"> <div class=\"row-bg\" ><\/div> <\/div><div class=\"row_col_wrap_12_inner col span_12  left\">\n\t<div style=\" color: #FFFFFF;margin-bottom: -8%; \" class=\"vc_col-sm-6 wpb_column column_container vc_column_container col child_column padding-4-percent inherit_tablet inherit_phone\" data-cfc=\"true\" data-using-bg=\"true\" data-padding-pos=\"all\" data-has-bg-color=\"true\" data-bg-color=\"#000142\" data-bg-opacity=\"1\" data-animation=\"\" data-delay=\"0\" >\n\t\t<div class=\"vc_column-inner\" ><div class=\"column-bg-overlay-wrap column-bg-layer\" data-bg-animation=\"none\"><div class=\"column-bg-overlay\" style=\"opacity: 1; background-color: #000142;\"><\/div><\/div>\n\t\t<div class=\"wpb_wrapper\">\n\t\t\t<div class=\"nectar-responsive-text nectar-link-underline-effect\"><h1>Data og teknologi<\/h1>\n<\/div>\n\t\t<\/div> \n\t<\/div>\n\t<\/div> \n<\/div><\/div>\n\t\t\t<\/div> \n\t\t<\/div>\n\t<\/div> \n<\/div><\/div>\n\t\t<div id=\"fws_69f7496d063c2\"  data-column-margin=\"default\" data-midnight=\"dark\"  class=\"wpb_row vc_row-fluid vc_row vc_row-o-equal-height vc_row-flex vc_row-o-content-top tjenester top_margin_240px bottom_margin_0px top_margin_phone_60px bottom_margin_phone_0px\"  style=\"padding-top: 0px; padding-bottom: 0px; \"><div class=\"row-bg-wrap\" data-bg-animation=\"none\" data-bg-animation-delay=\"\" data-bg-overlay=\"false\"><div class=\"inner-wrap row-bg-layer\" ><div class=\"row-bg viewport-desktop\"  style=\"\"><\/div><\/div><\/div><div class=\"row_col_wrap_12 col span_12 dark left\">\n\t<div style=\" color: #23262a;\" class=\"vc_col-sm-2 vc_col-md-4 vc_col-xs-12 tjenester-column wpb_column column_container vc_column_container col force-desktop-text-align-left force-phone-text-align-center bottom_margin_phone_20px left_padding_desktop_40px left_padding_phone_20px top_padding_desktop_30px top_padding_phone_25px right_padding_desktop_40px right_padding_phone_20px bottom_padding_desktop_20px bottom_padding_phone_15px\" data-cfc=\"true\"  data-border-animation=\"\" data-border-animation-delay=\"\" data-border-width=\"1px\" data-border-style=\"solid\" data-border-color=\"#DDDDDD\" data-padding-pos=\"all\" data-has-bg-color=\"false\" data-bg-color=\"\" data-bg-opacity=\"1\" data-hover-bg=\"#FBFBFB\" data-hover-bg-opacity=\"1\" data-animation=\"\" data-delay=\"0\" >\n\t\t<div class=\"vc_column-inner\" style=\"border: 1px solid rgba(255,255,255,0); \"><a class=\"column-link\" target=\"_self\" href=\"\/nb\/services\/data-and-technology\/data-platforms-engineering\/\"><\/a><span class=\"border-wrap\" style=\"border-color: #DDDDDD;\"><span class=\"border-top\"><\/span><span class=\"border-right\"><\/span><span class=\"border-bottom\"><\/span><span class=\"border-left\"><\/span><\/span><div class=\"column-bg-overlay-wrap column-bg-layer\" data-bg-animation=\"none\"><div class=\"column-bg-overlay\"><\/div><\/div>\n\t\t\t<div class=\"wpb_wrapper\">\n\t\t\t\t<div class=\"img-with-aniamtion-wrap  custom-width-40px\" data-max-width=\"custom\" data-max-width-mobile=\"default\" data-shadow=\"none\" data-animation=\"none\" >\n      <div class=\"inner\">\n        <div class=\"hover-wrap\"> \n          <div class=\"hover-wrap-inner\">\n            <img loading=\"lazy\" decoding=\"async\" class=\"img-with-animation skip-lazy\" data-delay=\"0\" height=\"100\" width=\"100\" data-animation=\"none\" src=\"https:\/\/tekpartner.rebootnorge.no\/wp-content\/uploads\/2026\/03\/microchip-light-full.svg\" alt=\"\"  \/>\n          <\/div>\n        <\/div>\n        \n      <\/div>\n    <\/div><div class=\"divider-wrap\" data-alignment=\"default\"><div style=\"height: 10px;\" class=\"divider\"><\/div><\/div><div class=\"nectar-responsive-text nectar-link-underline-effect\"><h3>Dataplattformer og ingeni\u00f8rfag<\/h3>\n<\/div><div class=\"divider-wrap height_phone_0px\" data-alignment=\"default\"><div style=\"margin-top: 0.5px; height: 1px; margin-bottom: 0.5px;\" data-width=\"100%\" data-animate=\"\" data-animation-delay=\"\" data-color=\"extra-color-gradient-1\" class=\"divider-border\"><\/div><\/div><div class=\"divider-wrap height_phone_0px\" data-alignment=\"default\"><div style=\"height: 20px;\" class=\"divider\"><\/div><\/div><div class=\"nectar-responsive-text font_line_height_1-4 text_direction_ltr nectar-link-underline-effect\"><p>Vi hjelper organisasjoner med \u00e5 etablere og utvikle robuste dataplattformer som gir p\u00e5litelig tilgang til data p\u00e5 tvers av virksomheten.<\/p>\n<\/div>\n\t<div class=\"wpb_raw_code wpb_raw_html wpb_content_element right o-d\" >\n\t\t<div class=\"wpb_wrapper\">\n\t\t\t<img decoding=\"async\" src=\"\/wp-content\/uploads\/2026\/03\/rightup.svg\" class=\"quick-icons arrow-up-right\">\n\t\t<\/div>\n\t<\/div>\n\n\t\t\t<\/div> \n\t\t<\/div>\n\t<\/div> \n\n\t<div  class=\"vc_col-sm-2 vc_col-md-4 vc_col-xs-12 tjenester-column wpb_column column_container vc_column_container col force-desktop-text-align-left force-phone-text-align-center bottom_margin_phone_20px left_padding_desktop_40px left_padding_phone_20px top_padding_desktop_30px top_padding_phone_25px right_padding_desktop_40px right_padding_phone_20px bottom_padding_desktop_20px bottom_padding_phone_15px\"  data-border-animation=\"\" data-border-animation-delay=\"\" data-border-width=\"1px\" data-border-style=\"solid\" data-border-color=\"#DDDDDD\" data-padding-pos=\"all\" data-has-bg-color=\"false\" data-bg-color=\"\" data-bg-opacity=\"1\" data-hover-bg=\"#FBFBFB\" data-hover-bg-opacity=\"1\" data-animation=\"\" data-delay=\"0\" >\n\t\t<div class=\"vc_column-inner\" style=\"border: 1px solid rgba(255,255,255,0); \"><a class=\"column-link\" target=\"_self\" href=\"\/nb\/services\/data-and-technology\/bi-and-reporting\/\"><\/a><span class=\"border-wrap\" style=\"border-color: #DDDDDD;\"><span class=\"border-top\"><\/span><span class=\"border-right\"><\/span><span class=\"border-bottom\"><\/span><span class=\"border-left\"><\/span><\/span><div class=\"column-bg-overlay-wrap column-bg-layer\" data-bg-animation=\"none\"><div class=\"column-bg-overlay\"><\/div><\/div>\n\t\t\t<div class=\"wpb_wrapper\">\n\t\t\t\t<div class=\"img-with-aniamtion-wrap  custom-width-40px\" data-max-width=\"custom\" data-max-width-mobile=\"default\" data-shadow=\"none\" data-animation=\"none\" >\n      <div class=\"inner\">\n        <div class=\"hover-wrap\"> \n          <div class=\"hover-wrap-inner\">\n            <img loading=\"lazy\" decoding=\"async\" class=\"img-with-animation skip-lazy\" data-delay=\"0\" height=\"100\" width=\"100\" data-animation=\"none\" src=\"https:\/\/tekpartner.rebootnorge.no\/wp-content\/uploads\/2026\/03\/arrow-up-right-dots-regular-full.svg\" alt=\"\"  \/>\n          <\/div>\n        <\/div>\n        \n      <\/div>\n    <\/div><div class=\"divider-wrap\" data-alignment=\"default\"><div style=\"height: 10px;\" class=\"divider\"><\/div><\/div><div class=\"nectar-responsive-text nectar-link-underline-effect\"><h3>BI og rapportering<\/h3>\n<\/div><div class=\"divider-wrap height_phone_0px\" data-alignment=\"default\"><div style=\"margin-top: 0.5px; height: 1px; margin-bottom: 0.5px;\" data-width=\"100%\" data-animate=\"\" data-animation-delay=\"\" data-color=\"extra-color-gradient-1\" class=\"divider-border\"><\/div><\/div><div class=\"divider-wrap height_phone_0px\" data-alignment=\"default\"><div style=\"height: 20px;\" class=\"divider\"><\/div><\/div><div class=\"nectar-responsive-text font_line_height_1-4 nectar-link-underline-effect\"><p>Vi st\u00f8tter hele BI-verdikjeden \u2013 fra datainnsamling og harmonisering til ferdige rapporter og dashbord som gir reell beslutningsst\u00f8tte.<\/p>\n<\/div>\n\t<div class=\"wpb_raw_code wpb_raw_html wpb_content_element right o-d\" >\n\t\t<div class=\"wpb_wrapper\">\n\t\t\t<img decoding=\"async\" src=\"\/wp-content\/uploads\/2026\/03\/rightup.svg\" class=\"quick-icons arrow-up-right\">\n\t\t<\/div>\n\t<\/div>\n\n\t\t\t<\/div> \n\t\t<\/div>\n\t<\/div> \n\n\t<div  class=\"vc_col-sm-2 vc_col-md-4 vc_col-xs-12 tjenester-column wpb_column column_container vc_column_container col force-desktop-text-align-left force-phone-text-align-center left_padding_desktop_40px left_padding_phone_20px top_padding_desktop_30px top_padding_phone_25px right_padding_desktop_40px right_padding_phone_20px bottom_padding_desktop_20px bottom_padding_phone_15px\"  data-border-animation=\"\" data-border-animation-delay=\"\" data-border-width=\"1px\" data-border-style=\"solid\" data-border-color=\"#DDDDDD\" data-padding-pos=\"all\" data-has-bg-color=\"false\" data-bg-color=\"\" data-bg-opacity=\"1\" data-hover-bg=\"#FBFBFB\" data-hover-bg-opacity=\"1\" data-animation=\"\" data-delay=\"0\" >\n\t\t<div class=\"vc_column-inner\" style=\"border: 1px solid rgba(255,255,255,0); \"><a class=\"column-link\" target=\"_self\" href=\"\/nb\/services\/data-and-technology\/data-science\/\"><\/a><span class=\"border-wrap\" style=\"border-color: #DDDDDD;\"><span class=\"border-top\"><\/span><span class=\"border-right\"><\/span><span class=\"border-bottom\"><\/span><span class=\"border-left\"><\/span><\/span><div class=\"column-bg-overlay-wrap column-bg-layer\" data-bg-animation=\"none\"><div class=\"column-bg-overlay\"><\/div><\/div>\n\t\t\t<div class=\"wpb_wrapper\">\n\t\t\t\t<div class=\"img-with-aniamtion-wrap  custom-width-40px\" data-max-width=\"custom\" data-max-width-mobile=\"default\" data-shadow=\"none\" data-animation=\"none\" >\n      <div class=\"inner\">\n        <div class=\"hover-wrap\"> \n          <div class=\"hover-wrap-inner\">\n            <img loading=\"lazy\" decoding=\"async\" class=\"img-with-animation skip-lazy\" data-delay=\"0\" height=\"100\" width=\"100\" data-animation=\"none\" src=\"https:\/\/tekpartner.rebootnorge.no\/wp-content\/uploads\/2026\/04\/chart-network-light-full.svg\" alt=\"\"  \/>\n          <\/div>\n        <\/div>\n        \n      <\/div>\n    <\/div><div class=\"divider-wrap\" data-alignment=\"default\"><div style=\"height: 10px;\" class=\"divider\"><\/div><\/div><div class=\"nectar-responsive-text nectar-link-underline-effect\"><h3>Datavitenskap<\/h3>\n<\/div><div class=\"divider-wrap height_phone_0px\" data-alignment=\"default\"><div style=\"margin-top: 0.5px; height: 1px; margin-bottom: 0.5px;\" data-width=\"100%\" data-animate=\"\" data-animation-delay=\"\" data-color=\"extra-color-gradient-1\" class=\"divider-border\"><\/div><\/div><div class=\"divider-wrap height_phone_0px\" data-alignment=\"default\"><div style=\"height: 20px;\" class=\"divider\"><\/div><\/div><div class=\"nectar-responsive-text font_line_height_1-4 nectar-link-underline-effect\"><p>V\u00e5re datavitenskapskonsulenter st\u00f8tter prosjekter som omdanner kliniske og tekniske data til praktisk innsikt og robust beslutningsst\u00f8tte.<\/p>\n<\/div>\n\t<div class=\"wpb_raw_code wpb_raw_html wpb_content_element right o-d\" >\n\t\t<div class=\"wpb_wrapper\">\n\t\t\t<img decoding=\"async\" src=\"\/wp-content\/uploads\/2026\/03\/rightup.svg\" class=\"quick-icons arrow-up-right\">\n\t\t<\/div>\n\t<\/div>\n\n\t\t\t<\/div> \n\t\t<\/div>\n\t<\/div> \n<\/div><\/div>","protected":false},"excerpt":{"rendered":"Data and Technology Data Platforms &amp; Engineering We help organisations establish and evolve robust data platforms that provide reliable access to data across the business. BI &amp; Reporting We support...","protected":false},"author":1,"featured_media":0,"parent":139,"menu_order":0,"comment_status":"closed","ping_status":"closed","template":"","meta":{"inline_featured_image":false,"footnotes":""},"class_list":["post-164","page","type-page","status-publish"],"_links":{"self":[{"href":"https:\/\/tekpartner.rebootnorge.no\/nb\/wp-json\/wp\/v2\/pages\/164","targetHints":{"allow":["GET"]}}],"collection":[{"href":"https:\/\/tekpartner.rebootnorge.no\/nb\/wp-json\/wp\/v2\/pages"}],"about":[{"href":"https:\/\/tekpartner.rebootnorge.no\/nb\/wp-json\/wp\/v2\/types\/page"}],"author":[{"embeddable":true,"href":"https:\/\/tekpartner.rebootnorge.no\/nb\/wp-json\/wp\/v2\/users\/1"}],"replies":[{"embeddable":true,"href":"https:\/\/tekpartner.rebootnorge.no\/nb\/wp-json\/wp\/v2\/comments?post=164"}],"version-history":[{"count":27,"href":"https:\/\/tekpartner.rebootnorge.no\/nb\/wp-json\/wp\/v2\/pages\/164\/revisions"}],"predecessor-version":[{"id":529,"href":"https:\/\/tekpartner.rebootnorge.no\/nb\/wp-json\/wp\/v2\/pages\/164\/revisions\/529"}],"up":[{"embeddable":true,"href":"https:\/\/tekpartner.rebootnorge.no\/nb\/wp-json\/wp\/v2\/pages\/139"}],"wp:attachment":[{"href":"https:\/\/tekpartner.rebootnorge.no\/nb\/wp-json\/wp\/v2\/media?parent=164"}],"curies":[{"name":"wp","href":"https:\/\/api.w.org\/{rel}","templated":true}]}}