{"id":232,"date":"2026-03-06T08:52:36","date_gmt":"2026-03-06T08:52:36","guid":{"rendered":"https:\/\/tekpartner.rebootnorge.no\/?page_id=232"},"modified":"2026-03-24T19:57:51","modified_gmt":"2026-03-24T19:57:51","slug":"career","status":"publish","type":"page","link":"https:\/\/tekpartner.rebootnorge.no\/nb\/career\/","title":{"rendered":"Karriere"},"content":{"rendered":"<div id=\"fws_69f7475ff21a2\"  data-column-margin=\"default\" data-midnight=\"light\"  class=\"wpb_row vc_row-fluid vc_row full-width-content vc_row-o-equal-height vc_row-flex vc_row-o-content-middle  zindex-set mobile-disable-bg-image-animation height_desktop_500px height_phone_300px right_padding_8pct left_padding_8pct nectar-overflow-hidden right_padding_phone_10px left_padding_phone_10px\"  style=\"padding-top: 0px; padding-bottom: 0px;  z-index: 100;\"><div class=\"row-bg-wrap\" data-bg-animation=\"fade-in\" data-bg-animation-delay=\"\" data-bg-overlay=\"true\"><div class=\"inner-wrap row-bg-layer using-image\" style=\"background-color: #2b323a;\" ><div class=\"row-bg viewport-desktop using-image using-bg-color\"  style=\"background-image: url(https:\/\/tekpartner.rebootnorge.no\/wp-content\/uploads\/2026\/03\/getty-images-6c1d_8v6EV4-unsplash.jpg); background-position: center center; background-repeat: no-repeat; background-color: #2b323a; \"><\/div><\/div><div class=\"row-bg-overlay row-bg-layer\" style=\"background-color:rgba(0,0,0,0.78);  opacity: 0.8; \"><\/div><\/div><div class=\"row_col_wrap_12 col span_12 light left\">\n\t<div  class=\"vc_col-sm-12 wpb_column column_container vc_column_container col no-extra-padding column_position_static el_spacing_0px inherit_tablet inherit_phone flex_gap_desktop_10px\"  data-padding-pos=\"top-bottom\" data-has-bg-color=\"false\" data-bg-color=\"\" data-bg-opacity=\"1\" data-animation=\"\" data-delay=\"0\" >\n\t\t<div class=\"vc_column-inner\" >\n\t\t\t<div class=\"wpb_wrapper\">\n\t\t\t\t<div id=\"fws_69f7475ff2d14\" data-midnight=\"\" data-column-margin=\"none\" class=\"wpb_row vc_row-fluid vc_row inner_row  right_padding_13vw left_padding_13vw right_padding_phone_0px left_padding_phone_0px\"  style=\" z-index: 10;\"><div class=\"row-bg-wrap\"> <div class=\"row-bg\" ><\/div> <\/div><div class=\"row_col_wrap_12_inner col span_12  left\">\n\t<div  class=\"vc_col-sm-12 wpb_column column_container vc_column_container col child_column centered-text no-extra-padding inherit_tablet inherit_phone flex_gap_desktop_10px\"   data-padding-pos=\"all\" data-has-bg-color=\"false\" data-bg-color=\"\" data-bg-opacity=\"1\" data-animation=\"\" data-delay=\"0\" >\n\t\t<div class=\"vc_column-inner\" >\n\t\t<div class=\"wpb_wrapper\">\n\t\t\t<div class=\"nectar-responsive-text font_line_height_1-4 nectar-link-underline-effect\"><h1>Karriere<\/h1>\n<\/div>\n\t\t<\/div> \n\t<\/div>\n\t<\/div> \n<\/div><\/div>\n\t\t\t<\/div> \n\t\t<\/div>\n\t<\/div> \n<\/div><\/div>\n\t\t<div id=\"fws_69f7475ff3b0c\"  data-br=\"20px\" data-br-applies=\"bg\" data-column-margin=\"default\" data-midnight=\"dark\"  class=\"wpb_row vc_row-fluid vc_row fv-faq top_margin_60px bottom_margin_0px right_padding_14vw left_padding_14vw right_padding_tablet_40px right_padding_phone_10px left_padding_tablet_40px left_padding_phone_10px top_margin_phone_20px\"  style=\"padding-top: 0px; padding-bottom: 0px; \"><div class=\"row-bg-wrap\" data-bg-animation=\"none\" data-bg-animation-delay=\"\" data-bg-overlay=\"false\"><div class=\"inner-wrap row-bg-layer\" ><div class=\"row-bg viewport-desktop\"  style=\"\"><\/div><\/div><\/div><div class=\"row_col_wrap_12 col span_12 dark left\">\n\t<div  class=\"vc_col-sm-12 wpb_column column_container vc_column_container col no-extra-padding inherit_tablet inherit_phone flex_gap_desktop_10px\"  data-padding-pos=\"all\" data-has-bg-color=\"false\" data-bg-color=\"\" data-bg-opacity=\"1\" data-animation=\"\" data-delay=\"0\" >\n\t\t<div class=\"vc_column-inner\" >\n\t\t\t<div class=\"wpb_wrapper\">\n\t\t\t\t<div id=\"fws_69f74760000b5\" data-midnight=\"\" data-column-margin=\"100px\" class=\"wpb_row vc_row-fluid vc_row inner_row\"  style=\"\"><div class=\"row-bg-wrap\"> <div class=\"row-bg\" ><\/div> <\/div><div class=\"row_col_wrap_12_inner col span_12  left\">\n\t<div  class=\"vc_col-sm-12 wpb_column column_container vc_column_container col child_column no-extra-padding bottom_margin_tablet_0px inherit_tablet inherit_phone flex_gap_desktop_10px\"   data-padding-pos=\"all\" data-has-bg-color=\"false\" data-bg-color=\"\" data-bg-opacity=\"1\" data-animation=\"\" data-delay=\"0\" >\n\t\t<div class=\"vc_column-inner\" >\n\t\t<div class=\"wpb_wrapper\">\n\t\t\t<div class=\"nectar-responsive-text font_size_desktop_1rem font_size_phone_14px nectar-link-underline-effect\"><p class=\"font-claude-response-body break-words whitespace-normal leading-&#091;1.7&#093;\">Hos Tekpartner AS kombinerer vi teknisk ekspertise med et genuint engasjement for kvalitet. Vi jobber hardt, tar eierskap og s\u00f8rger for at kundene v\u00e5re f\u00e5r resultater de kan stole p\u00e5.<\/p>\n<p class=\"font-claude-response-body break-words whitespace-normal leading-&#091;1.7&#093;\">Vi har bygget en sterk posisjon i det norske markedet gjennom rammeavtaler og langsiktige kundeforhold innen energi, IT og medisinsk teknologi\/bioteknologi.<\/p>\n<\/div><div class=\"divider-wrap height_phone_20px\" data-alignment=\"default\"><div style=\"height: 40px;\" class=\"divider\"><\/div><\/div><div class=\"nectar-responsive-text font_size_desktop_2rem font_size_phone_18px font_line_height_1-3 nectar-link-underline-effect\"><h2>V\u00e5rt selskap skiller seg fra andre<\/h2>\n<\/div><div class=\"nectar-responsive-text font_size_desktop_1rem font_size_phone_14px nectar-link-underline-effect\"><p>Tekpartner skiller seg fra andre ved m\u00e5ten vi skaper prosjekter fra gode ideer. Har du noen ideer du \u00f8nsker \u00e5 realisere? Eller kanskje du kan bli med \u00e5 utvikle v\u00e5re n\u00e5v\u00e6rende prosjekter? Uansett aksepteres muligheten til \u00e5 ha ulik balanse mellom arbeid og fritid gjennom hele karrieren din her, fordi vi vet at livet endrer seg over tid. Derfor har du hos Tekpartner muligheten til \u00e5 skalere opp og ned arbeidssituasjonen din.<\/p>\n<\/div><div class=\"divider-wrap height_phone_20px\" data-alignment=\"default\"><div style=\"height: 40px;\" class=\"divider\"><\/div><\/div><div class=\"nectar-responsive-text font_size_desktop_2rem font_size_phone_18px font_line_height_1-3 nectar-link-underline-effect\"><h2>Det du f\u00e5r<\/h2>\n<\/div><div class=\"nectar-responsive-text font_size_desktop_1rem font_size_phone_14px nectar-link-underline-effect\"><p>Du vil f\u00e5 en god l\u00f8nnspakke, goder og gode kolleger. Hos Tekpartner har vi dyktige folk med mye erfaring som kan l\u00f8fte dine ferdigheter og kunnskaper til neste niv\u00e5.<\/p>\n<\/div><div class=\"divider-wrap height_phone_20px\" data-alignment=\"default\"><div style=\"height: 40px;\" class=\"divider\"><\/div><\/div><div class=\"nectar-responsive-text font_size_desktop_2rem font_size_phone_18px font_line_height_1-3 nectar-link-underline-effect\"><h2>Det vi ser etter<\/h2>\n<\/div><div class=\"nectar-responsive-text font_size_desktop_1rem font_size_phone_14px nectar-link-underline-effect\"><p>Sjekk gjerne ut LinkedIn-siden v\u00e5r for \u00e5 finne nye stillinger.<\/p>\n<p>Tror du at du ville passe? Vi er alltid interessert i \u00e5 m\u00f8te dyktige fagfolk. Ta kontakt for en uformell samtale om muligheter hos Tekpartner AS.<\/p>\n<\/div>\n\t\t<\/div> \n\t<\/div>\n\t<\/div> \n<\/div><\/div>\n\t\t\t<\/div> \n\t\t<\/div>\n\t<\/div> \n<\/div><\/div>\n\t\t<div id=\"fws_69f747600189a\"  data-column-margin=\"default\" data-midnight=\"dark\"  class=\"wpb_row vc_row-fluid vc_row has-row-bg-color vc_row-o-equal-height vc_row-flex vc_row-o-content-middle  top_margin_130px bottom_padding_phone_10px top_margin_phone_60px\"  style=\"padding-top: 0px; padding-bottom: 0px; --row-bg-color: #E9EDF2;\"><div class=\"row-bg-wrap\" data-bg-animation=\"none\" data-bg-animation-delay=\"\" data-bg-overlay=\"false\"><div class=\"inner-wrap row-bg-layer\" ><div class=\"row-bg viewport-desktop using-bg-color\"  style=\"background-color: #E9EDF2; \"><\/div><\/div><\/div><div class=\"row_col_wrap_12 col span_12 dark left\">\n\t<div style=\"\" class=\"vc_col-sm-4 wpb_column column_container vc_column_container col padding-14-percent inherit_tablet inherit_phone height_phone_300px\" data-using-bg=\"true\" data-bg-cover=\"true\" data-padding-pos=\"all\" data-has-bg-color=\"false\" data-bg-color=\"\" data-bg-opacity=\"1\" data-animation=\"\" data-delay=\"0\" >\n\t\t<div class=\"vc_column-inner\" ><div class=\"column-image-bg-wrap column-bg-layer viewport-desktop\" data-bg-pos=\"center center\" data-bg-animation=\"none\" data-bg-overlay=\"false\"><div class=\"inner-wrap\"><div class=\"column-image-bg\" style=\" background-image: url('https:\/\/tekpartner.rebootnorge.no\/wp-content\/uploads\/2026\/03\/Reboot-mote-2.jpg'); \"><\/div><\/div><\/div>\n\t\t\t<div class=\"wpb_wrapper\">\n\t\t\t\t\n\t\t\t<\/div> \n\t\t<\/div>\n\t<\/div> \n\n\t<div  class=\"vc_col-sm-5 wpb_column column_container vc_column_container col left_padding_desktop_12pct left_padding_phone_20px top_padding_phone_10px right_padding_phone_20px bottom_padding_phone_10px\"  data-padding-pos=\"all\" data-has-bg-color=\"false\" data-bg-color=\"\" data-bg-opacity=\"1\" data-animation=\"\" data-delay=\"0\" >\n\t\t<div class=\"vc_column-inner\" >\n\t\t\t<div class=\"wpb_wrapper\">\n\t\t\t\t<div class=\"nectar-responsive-text font_size_desktop_2rem font_line_height_1-3 nectar-link-underline-effect\"><p>Interessert i <span style=\"color: #b11226\">karrieremuligheter<\/span> hos Tekpartner?<\/p>\n<\/div>\n\t\t\t<\/div> \n\t\t<\/div>\n\t<\/div> \n\n\t<div  class=\"vc_col-sm-3 wpb_column column_container vc_column_container col force-desktop-text-align-right force-phone-text-align-left bottom_margin_phone_30px left_padding_phone_20px right_padding_desktop_20pct right_padding_phone_20px\"  data-padding-pos=\"all\" data-has-bg-color=\"false\" data-bg-color=\"\" data-bg-opacity=\"1\" data-animation=\"\" data-delay=\"0\" >\n\t\t<div class=\"vc_column-inner\" >\n\t\t\t<div class=\"wpb_wrapper\">\n\t\t\t\t<div class=\"nectar-cta  border_radius_100px alignment_tablet_left alignment_phone_left display_tablet_inherit display_phone_inherit backdrop_filter_blur_13\" data-color=\"extra-color-2\" data-using-bg=\"true\" data-style=\"arrow-circle-animation\" data-display=\"inline\" data-alignment=\"center\" data-text-color=\"custom\" style=\"--nectar-text-color: #F6F7F9; --nectar-button-color: var(--nectar-extra-color-2); --nectar-icon-gap: 30px; \"><span style=\"color: #F6F7F9;\" class=\"nectar-button-type\"><span class=\"link_wrap\" style=\"padding-top: 12px; padding-right: 12px; padding-bottom: 12px; padding-left: 30px;\"><a  class=\"link_text\" role=\"button\" href=\"\/nb\/contact\/\"><span class=\"text\">Kontakt oss<\/span><div class=\"arrow-circle-animation-arrow-wrap\"><svg class=\"arrow-circle-animation-arrow\" viewbox=\"0 0 24 24\" fill=\"currentColor\"><path d=\"M16.0037 9.41421L7.39712 18.0208L5.98291 16.6066L14.5895 8H7.00373V6H18.0037V17H16.0037V9.41421Z\"><\/path><\/svg><svg class=\"arrow-circle-animation-arrow hover\" viewbox=\"0 0 24 24\" fill=\"currentColor\"><path d=\"M16.0037 9.41421L7.39712 18.0208L5.98291 16.6066L14.5895 8H7.00373V6H18.0037V17H16.0037V9.41421Z\"><\/path><\/svg><\/div><\/a><\/span><\/span><\/div>\n\t\t\t<\/div> \n\t\t<\/div>\n\t<\/div> \n<\/div><\/div>","protected":false},"excerpt":{"rendered":"Career At Tekpartner AS, we combine technical expertise with a genuine commitment to quality. We work hard, we take ownership, and we make sure our clients get results they can...","protected":false},"author":1,"featured_media":0,"parent":0,"menu_order":0,"comment_status":"closed","ping_status":"closed","template":"","meta":{"inline_featured_image":false,"footnotes":""},"class_list":["post-232","page","type-page","status-publish"],"_links":{"self":[{"href":"https:\/\/tekpartner.rebootnorge.no\/nb\/wp-json\/wp\/v2\/pages\/232","targetHints":{"allow":["GET"]}}],"collection":[{"href":"https:\/\/tekpartner.rebootnorge.no\/nb\/wp-json\/wp\/v2\/pages"}],"about":[{"href":"https:\/\/tekpartner.rebootnorge.no\/nb\/wp-json\/wp\/v2\/types\/page"}],"author":[{"embeddable":true,"href":"https:\/\/tekpartner.rebootnorge.no\/nb\/wp-json\/wp\/v2\/users\/1"}],"replies":[{"embeddable":true,"href":"https:\/\/tekpartner.rebootnorge.no\/nb\/wp-json\/wp\/v2\/comments?post=232"}],"version-history":[{"count":7,"href":"https:\/\/tekpartner.rebootnorge.no\/nb\/wp-json\/wp\/v2\/pages\/232\/revisions"}],"predecessor-version":[{"id":359,"href":"https:\/\/tekpartner.rebootnorge.no\/nb\/wp-json\/wp\/v2\/pages\/232\/revisions\/359"}],"wp:attachment":[{"href":"https:\/\/tekpartner.rebootnorge.no\/nb\/wp-json\/wp\/v2\/media?parent=232"}],"curies":[{"name":"wp","href":"https:\/\/api.w.org\/{rel}","templated":true}]}}